{"id":8122,"date":"2025-09-09T18:50:01","date_gmt":"2025-09-09T18:50:01","guid":{"rendered":"http:\/\/www.meinweinkeller.ch\/weinclub\/?page_id=8122"},"modified":"2026-05-02T14:00:02","modified_gmt":"2026-05-02T14:00:02","slug":"serie-bordeaux","status":"publish","type":"page","link":"https:\/\/www.meinweinkeller.ch\/weinclub\/serie-bordeaux\/","title":{"rendered":"Serie Bordeaux"},"content":{"rendered":"\n<p>Nach der Serie Cru Class\u00e9 en 1855 im Medoc und Appelationen Pessac Leognan werden wir die Appelationen St. Emillion, Pomerol, Rest of Bordeaux in Top 200 und Sauterne &#8211; Barsac durchleuchten. Die Klassifizierungen im St. Emillion sind qualitativ nicht eindeutig und im Pomerol und den restlichen AOC gibt es gar keine &#8211; wir halten uns deshalb in diesen Gebieten an die <strong>Top 200 Bordeaux<\/strong> Listen von Gabriel und Weinwisser. Die KI hat die Listen f\u00fcr mich bereinigt &#8211; Weine m\u00fcssen also in beiden Listen vorkommen. <\/p>\n\n\n\n<p><strong><span style=\"color:#e30b16\" class=\"has-inline-color\">Serie Bordeaux: St. Emillion<\/span><\/strong> (ab Januar 2026)<\/p>\n\n\n\n<figure class=\"wp-block-table\"><table><tbody><tr><td>Ch\u00e2teau Ausone<\/td><td>Premier Grand Cru Class\u00e9 A<\/td><\/tr><tr><td>Ch\u00e2teau Cheval Blanc<\/td><td>Premier Grand Cru Class\u00e9 A <strong>     <mark style=\"background-color:rgba(0, 0, 0, 0);color:#eb1c1ce3\" class=\"has-inline-color\">degustiert<\/mark> 1.2026<\/strong><\/td><\/tr><tr><td>Ch\u00e2teau Pavie<\/td><td>Premier Grand Cru Class\u00e9 A<\/td><\/tr><tr><td>Ch\u00e2teau Ang\u00e9lus<\/td><td>Premier Grand Cru Class\u00e9 A<\/td><\/tr><tr><td>La Mondotte<\/td><td>Premier Grand Cru Class\u00e9 B<strong>     <mark style=\"background-color:rgba(0, 0, 0, 0);color:#eb1c1ce3\" class=\"has-inline-color\">degustiert<\/mark> 1.2026<\/strong><\/td><\/tr><tr><td>Canon-La-Gaffeli\u00e8re<\/td><td>Premier Grand Cru Class\u00e9 B<\/td><\/tr><tr><td>Valandraud<\/td><td>Premier Grand Cru Class\u00e9 B<\/td><\/tr><tr><td>Clos St. Martin<\/td><td>Grand Cru Class\u00e9<\/td><\/tr><tr><td>Clos Dubreuil<\/td><td>Nicht klassifiziert<strong>     <mark style=\"background-color:rgba(0, 0, 0, 0);color:#eb1c1ce3\" class=\"has-inline-color\">degustiert<\/mark> 1.2026<\/strong><\/td><\/tr><tr><td>Tertre-R\u00f4teboeuf<\/td><td>Nicht klassifiziert<\/td><\/tr><tr><td>Figeac<\/td><td>Premier Grand Cru Class\u00e9 A (seit 2022)<strong>  <\/strong><strong><\/strong><strong><mark style=\"background-color:rgba(0, 0, 0, 0);color:#eb1c1ce3\" class=\"has-inline-color\">degustiert<\/mark> 3.2026<\/strong><\/td><\/tr><tr><td>P\u00e9by Faug\u00e8res<\/td><td>Grand Cru Class\u00e9<strong>     <mark style=\"background-color:rgba(0, 0, 0, 0);color:#eb1c1ce3\" class=\"has-inline-color\">degustiert<\/mark> 1.2026<\/strong><\/td><\/tr><tr><td>Bellevue<\/td><td>Nicht eindeutig \u2013 wahrscheinlich Saint-\u00c9milion<\/td><\/tr><tr><td>Trottevieille<\/td><td>Premier Grand Cru Class\u00e9 B<\/td><\/tr><tr><td>Grand-Mayne<\/td><td>Grand Cru Class\u00e9<strong>     <mark style=\"background-color:rgba(0, 0, 0, 0);color:#eb1c1ce3\" class=\"has-inline-color\">degustiert<\/mark> 1.2026<\/strong><\/td><\/tr><tr><td>Gracia<\/td><td>Nicht klassifiziert<\/td><\/tr><tr><td>Beaus\u00e9jour (Duffau)<\/td><td>Premier Grand Cru Class\u00e9 B<\/td><\/tr><tr><td>Magdelaine<\/td><td>Premier Grand Cru Class\u00e9 B (ehemalig, fusioniert)<\/td><\/tr><tr><td>Petit-Gravet-Ain\u00e9<\/td><td>Grand Cru Class\u00e9<\/td><\/tr><tr><td>Clos Fourtet<\/td><td>Premier Grand Cru Class\u00e9 B<\/td><\/tr><tr><td>Croix de Labrie<\/td><td>Grand Cru Class\u00e9<\/td><\/tr><tr><td>Clos St. Julien<\/td><td>Nicht klassifiziert<\/td><\/tr><tr><td>Jean Faure<\/td><td>Grand Cru Class\u00e9<\/td><\/tr><tr><td>La Tour-Figeac<\/td><td>Grand Cru Class\u00e9<strong>  <\/strong><strong><\/strong><strong><mark style=\"background-color:rgba(0, 0, 0, 0);color:#eb1c1ce3\" class=\"has-inline-color\">degustiert<\/mark> 3.2026<\/strong><\/td><\/tr><tr><td>Les Grandes Murailles<\/td><td>Grand Cru Class\u00e9<strong>     <mark style=\"background-color:rgba(0, 0, 0, 0);color:#eb1c1ce3\" class=\"has-inline-color\">degustiert<\/mark> 1.2026<\/strong><\/td><\/tr><tr><td>Pavie-Decesse<\/td><td>Premier Grand Cru Class\u00e9 B<\/td><\/tr><tr><td>Rol-Valentin<\/td><td>Nicht klassifiziert<strong>  <\/strong><strong><\/strong><strong><mark style=\"background-color:rgba(0, 0, 0, 0);color:#eb1c1ce3\" class=\"has-inline-color\">degustiert<\/mark> 3.2026<\/strong><\/td><\/tr><tr><td>Beau-S\u00e9jour B\u00e9cot<\/td><td>Premier Grand Cru Class\u00e9 B<\/td><\/tr><tr><td>B\u00e9lair-Monange<\/td><td>Premier Grand Cru Class\u00e9 B<\/td><\/tr><tr><td>Pavie-Macquin<\/td><td>Premier Grand Cru Class\u00e9 B<strong>  <\/strong><strong><\/strong><strong><mark style=\"background-color:rgba(0, 0, 0, 0);color:#eb1c1ce3\" class=\"has-inline-color\">degustiert<\/mark> 3.2026<\/strong><\/td><\/tr><tr><td>Troplong-Mondot<\/td><td>Premier Grand Cru Class\u00e9 B<\/td><\/tr><tr><td>La Couspaude<\/td><td>Grand Cru Class\u00e9<\/td><\/tr><tr><td>Canon<\/td><td>Premier Grand Cru Class\u00e9 B<\/td><\/tr><tr><td>La Serre<\/td><td>Grand Cru Class\u00e9  <\/td><\/tr><tr><td>Berliquet<\/td><td>Grand Cru Class\u00e9<\/td><\/tr><tr><td>La Dominique<\/td><td>Grand Cru Class\u00e9<strong>  <\/strong><strong><\/strong><strong><mark style=\"background-color:rgba(0, 0, 0, 0);color:#eb1c1ce3\" class=\"has-inline-color\">degustiert<\/mark> 3.2026<\/strong><\/td><\/tr><tr><td>Les Ast\u00e9ries<\/td><td>Nicht klassifiziert<\/td><\/tr><tr><td>Sansonnet<\/td><td>Grand Cru Class\u00e9<\/td><\/tr><tr><td>De Pressac<\/td><td>Grand Cru Class\u00e9<\/td><\/tr><tr><td>Clos de L&#8217;Oratoire<\/td><td>Grand Cru Class\u00e9<\/td><\/tr><tr><td>Faug\u00e8res<\/td><td>Grand Cru Class\u00e9<strong>  <\/strong><strong><\/strong><strong><mark style=\"background-color:rgba(0, 0, 0, 0);color:#eb1c1ce3\" class=\"has-inline-color\">degustiert<\/mark> 3.2026<\/strong><\/td><\/tr><tr><td>Monbousquet<\/td><td>Grand Cru Class\u00e9<\/td><\/tr><tr><td>Rochebelle<\/td><td>Grand Cru Class\u00e9<\/td><\/tr><tr><td>Trianon<\/td><td>Nicht klassifiziert<strong>  <\/strong><strong><\/strong><strong><mark style=\"background-color:rgba(0, 0, 0, 0);color:#eb1c1ce3\" class=\"has-inline-color\">degustiert<\/mark> 3.2026<\/strong><\/td><\/tr><tr><td>C\u00f4te de Baleau<\/td><td>Grand Cru Class\u00e9<strong>  <\/strong><strong><\/strong><strong><mark style=\"background-color:rgba(0, 0, 0, 0);color:#eb1c1ce3\" class=\"has-inline-color\">degustiert<\/mark> 3.2026<\/strong><\/td><\/tr><tr><td>Chauvin<\/td><td>Grand Cru Class\u00e9<\/td><\/tr><tr><td>Clos de Salles<\/td><td>Nicht klassifiziert<\/td><\/tr><tr><td>La Confession<\/td><td>Grand Cru Class\u00e9<\/td><\/tr><tr><td>Milens<\/td><td>Nicht klassifiziert<\/td><\/tr><tr><td>Clos Badon Thunevin<\/td><td>Nicht klassifiziert<\/td><\/tr><tr><td>Fleur-Cardinale<\/td><td>Grand Cru Class\u00e9<\/td><\/tr><tr><td>Moulin-St. Georges<\/td><td>Nicht klassifiziert<\/td><\/tr><tr><td>Barde-Haut<\/td><td>Grand Cru Class\u00e9<\/td><\/tr><tr><td>Les Gravi\u00e8res<\/td><td>Grand Cru Class\u00e9<\/td><\/tr><tr><td>Le Petit Cheval<\/td><td>Zweitwein (nicht klassifiziert)<\/td><\/tr><tr><td>La Gomerie<\/td><td>Nicht klassifiziert<\/td><\/tr><tr><td>Pas de L&#8217;Ane<\/td><td>Nicht klassifiziert<\/td><\/tr><tr><td>L&#8217;Archange<\/td><td>Nicht klassifiziert<\/td><\/tr><tr><td>La Gaffeli\u00e8re<\/td><td>Premier Grand Cru Class\u00e9 B<\/td><\/tr><tr><td>Larcis-Ducasse<\/td><td>Premier Grand Cru Class\u00e9 B<\/td><\/tr><tr><td>Cap-de-Mourlin<\/td><td>Grand Cru Class\u00e9<\/td><\/tr><tr><td>Bellefont-Belcier<\/td><td>Grand Cru Class\u00e9<\/td><\/tr><tr><td>Quinault L&#8217;Enclos<\/td><td>Grand Cru Class\u00e9<strong>  <\/strong><strong><\/strong><strong><mark style=\"background-color:rgba(0, 0, 0, 0);color:#eb1c1ce3\" class=\"has-inline-color\">degustiert<\/mark> 3.2026<\/strong><\/td><\/tr><tr><td>Soutard<\/td><td>Grand Cru Class\u00e9<\/td><\/tr><\/tbody><\/table><\/figure>\n\n\n\n<p><strong><span style=\"color:#cd1020\" class=\"has-inline-color\">Serie Bordeaux: Pomerol<\/span><\/strong><\/p>\n\n\n\n<figure class=\"wp-block-table\"><table><tbody><tr><td>P\u00e9trus<\/td><td>Nicht klassifiziert (Prestigetr\u00e4chtig)<\/td><td>Pomerol<\/td><\/tr><tr><td>Le Pin<\/td><td>Nicht klassifiziert (Prestigetr\u00e4chtig)<\/td><td>Pomerol<\/td><\/tr><tr><td>Trotanoy<\/td><td>Nicht klassifiziert<\/td><td>Pomerol<\/td><\/tr><tr><td>La Fleur-P\u00e9trus<\/td><td>Nicht klassifiziert<\/td><td>Pomerol<\/td><\/tr><tr><td>L&#8217;Eglise-Clinet<\/td><td>Nicht klassifiziert<\/td><td>Pomerol<\/td><\/tr><tr><td>Hosanna<\/td><td>Nicht klassifiziert<\/td><td>Pomerol<\/td><\/tr><tr><td>Le Gay<\/td><td>Nicht klassifiziert<\/td><td>Pomerol<\/td><\/tr><tr><td>Vieux Ch\u00e2teau Certan<\/td><td>Nicht klassifiziert<\/td><td>Pomerol<\/td><\/tr><tr><td>Certan de May<\/td><td>Nicht klassifiziert<\/td><td>Pomerol<\/td><\/tr><tr><td>L&#8217;Evangile<\/td><td>Nicht klassifiziert<\/td><td>Pomerol<\/td><\/tr><tr><td>Clos de la Vieille Eglise<\/td><td>Nicht klassifiziert<\/td><td>Pomerol<\/td><\/tr><tr><td>La Fleur-de-Gay<\/td><td>Nicht klassifiziert<\/td><td>Pomerol<\/td><\/tr><tr><td>Gazin<\/td><td>Nicht klassifiziert<\/td><td>Pomerol<\/td><\/tr><tr><td>La Conseillante<\/td><td>Nicht klassifiziert<\/td><td>Pomerol<\/td><\/tr><tr><td>Clos L&#8217;Eglise<\/td><td>Nicht klassifiziert<\/td><td>Pomerol<\/td><\/tr><tr><td>Lafon La Tuilerie<\/td><td>Nicht klassifiziert<\/td><td>Pomerol<\/td><\/tr><tr><td>Providence<\/td><td>Nicht klassifiziert<\/td><td>Pomerol<\/td><\/tr><tr><td>Clinet<\/td><td>Nicht klassifiziert<\/td><td>Pomerol<\/td><\/tr><tr><td>Latour \u00e0 Pomerol<\/td><td>Nicht klassifiziert<\/td><td>Pomerol<\/td><\/tr><tr><td>Petit-Village<\/td><td>Nicht klassifiziert<\/td><td>Pomerol<\/td><\/tr><tr><td>La Croix-St. Georges<\/td><td>Nicht klassifiziert<\/td><td>Pomerol<\/td><\/tr><tr><td>Rouget<\/td><td>Nicht klassifiziert<\/td><td>Pomerol<\/td><\/tr><tr><td>La Fleur<\/td><td>Nicht klassifiziert<\/td><td>Pomerol<\/td><\/tr><tr><td>Le Bon Pasteur<\/td><td>Nicht klassifiziert<\/td><td>Pomerol<\/td><\/tr><tr><td>Clos du Clocher<\/td><td>Nicht klassifiziert<\/td><td>Pomerol<\/td><\/tr><tr><td>Certan-Marzelle<\/td><td>Nicht klassifiziert<\/td><td>Pomerol<\/td><\/tr><tr><td>Beauregard<\/td><td>Nicht klassifiziert<\/td><td>Pomerol<\/td><\/tr><tr><td>Nenin<\/td><td>Nicht klassifiziert<\/td><td>Pomerol<\/td><\/tr><tr><td>Domaine de L&#8217;Eglise<\/td><td>Nicht klassifiziert<\/td><td>Pomerol<\/td><\/tr><tr><td>La Grave<\/td><td>Nicht klassifiziert<\/td><td>Pomerol<\/td><\/tr><tr><td>La Pointe<\/td><td>Nicht klassifiziert<\/td><td>Pomerol<\/td><\/tr><\/tbody><\/table><\/figure>\n\n\n\n<p><strong><span style=\"color:#d7101a\" class=\"has-inline-color\">Serie Bordeaux: Rest of Top 200 Bordeaux<\/span><\/strong><\/p>\n\n\n\n<figure class=\"wp-block-table\"><table><tbody><tr><td>Haut-Condissas<\/td><td>Nicht klassifiziert<\/td><td>M\u00e9doc<\/td><\/tr><tr><td>La Croix<\/td><td>Nicht eindeutig zuordenbar<\/td><td>Unbekannt<\/td><\/tr><tr><td>Branas Grand Poujeaux<\/td><td>Nicht klassifiziert<\/td><td>Moulis-en-M\u00e9doc<\/td><\/tr><tr><td>Montfollet<\/td><td>Nicht klassifiziert<\/td><td>Blaye C\u00f4tes de Bordeaux<\/td><\/tr><tr><td>L&#8217;Inclassable<\/td><td>Nicht klassifiziert<\/td><td>M\u00e9doc<\/td><\/tr><tr><td>Bel-Air La Roy\u00e8re<\/td><td>Nicht klassifiziert<\/td><td>Blaye C\u00f4tes de Bordeaux<\/td><\/tr><tr><td>Poujeaux<\/td><td>Nicht klassifiziert<\/td><td>Moulis-en-M\u00e9doc<\/td><\/tr><tr><td>Mayne-Lalande<\/td><td>Nicht klassifiziert<\/td><td>Listrac-M\u00e9doc<\/td><\/tr><tr><td>Rollan de By<\/td><td>Nicht klassifiziert<\/td><td>M\u00e9doc<\/td><\/tr><tr><td>La Garricq<\/td><td>Nicht klassifiziert<\/td><td>Moulis-en-M\u00e9doc<\/td><\/tr><tr><td>de Lussac<\/td><td>Nicht klassifiziert<\/td><td>Lussac-Saint-\u00c9milion<\/td><\/tr><tr><td>d&#8217;Escurac<\/td><td>Nicht klassifiziert<\/td><td>M\u00e9doc<\/td><\/tr><tr><td>La Fleur de Bo\u00fcard<\/td><td>Nicht klassifiziert<\/td><td>Lalande-de-Pomerol<\/td><\/tr><tr><td>Moulin Haut-Laroque<\/td><td>Nicht klassifiziert<\/td><td>Fronsac<\/td><\/tr><tr><td>de Chambrun<\/td><td>Nicht klassifiziert<\/td><td>Lalande-de-Pomerol<\/td><\/tr><tr><td>Clarke<\/td><td>Nicht klassifiziert<\/td><td>Listrac-M\u00e9doc<\/td><\/tr><tr><td>Les Grands Ch\u00eanes<\/td><td>Nicht klassifiziert<\/td><td>M\u00e9doc<\/td><\/tr><tr><td>Haut-Carles (Fronsac)<\/td><td>Nicht klassifiziert<\/td><td>Fronsac<\/td><\/tr><tr><td>Haut-Chaigneau<\/td><td>Nicht klassifiziert<\/td><td>Lalande-de-Pomerol<\/td><\/tr><tr><td>Arnaud de Jacquemeau<\/td><td>Nicht klassifiziert<\/td><td>M\u00e9doc<\/td><\/tr><tr><td>Tour Haut-Caussan<\/td><td>Nicht klassifiziert<\/td><td>M\u00e9doc<\/td><\/tr><tr><td>Roc de Cambes<\/td><td>Nicht klassifiziert<\/td><td>C\u00f4tes de Bourg<\/td><\/tr><tr><td>Bel-Air<\/td><td>Nicht eindeutig<\/td><td>Unbekannt<\/td><\/tr><\/tbody><\/table><\/figure>\n\n\n\n<p><span style=\"color:#de0d14\" class=\"has-inline-color\"><strong>Sauterne und Barsac Cru Class\u00e9 1855<\/strong><\/span><\/p>\n\n\n\n<figure class=\"wp-block-image size-large\"><a href=\"https:\/\/www.meinweinkeller.ch\/weinclub\/wp-content\/uploads\/2025\/09\/Sauterne-klassifizierung-1855.jpg\"><img loading=\"lazy\" decoding=\"async\" width=\"1024\" height=\"855\" src=\"https:\/\/www.meinweinkeller.ch\/weinclub\/wp-content\/uploads\/2025\/09\/Sauterne-klassifizierung-1855-1024x855.jpg\" alt=\"\" class=\"wp-image-8134\" srcset=\"https:\/\/www.meinweinkeller.ch\/weinclub\/wp-content\/uploads\/2025\/09\/Sauterne-klassifizierung-1855-1024x855.jpg 1024w, https:\/\/www.meinweinkeller.ch\/weinclub\/wp-content\/uploads\/2025\/09\/Sauterne-klassifizierung-1855-300x251.jpg 300w, https:\/\/www.meinweinkeller.ch\/weinclub\/wp-content\/uploads\/2025\/09\/Sauterne-klassifizierung-1855-768x641.jpg 768w, https:\/\/www.meinweinkeller.ch\/weinclub\/wp-content\/uploads\/2025\/09\/Sauterne-klassifizierung-1855-1536x1283.jpg 1536w, https:\/\/www.meinweinkeller.ch\/weinclub\/wp-content\/uploads\/2025\/09\/Sauterne-klassifizierung-1855-359x300.jpg 359w, https:\/\/www.meinweinkeller.ch\/weinclub\/wp-content\/uploads\/2025\/09\/Sauterne-klassifizierung-1855.jpg 1770w\" sizes=\"auto, (max-width: 1024px) 100vw, 1024px\" \/><\/a><\/figure>\n\n\n\n<figure class=\"wp-block-embed is-type-wp-embed is-provider-bordeaux-kompass wp-block-embed-bordeaux-kompass\"><div class=\"wp-block-embed__wrapper\">\n<blockquote class=\"wp-embedded-content\" data-secret=\"JNplyYio1N\"><a href=\"https:\/\/bordeaux-kompass.de\/grands-crus-classes-en-1855-sauternes\/\">Grands Crus Class\u00e9s en 1855 \u2013 Sauternes<\/a><\/blockquote><iframe loading=\"lazy\" class=\"wp-embedded-content\" sandbox=\"allow-scripts\" security=\"restricted\" style=\"position: absolute; visibility: hidden;\" title=\"&#8222;Grands Crus Class\u00e9s en 1855 \u2013 Sauternes&#8220; &#8211; Bordeaux-Kompass\" src=\"https:\/\/bordeaux-kompass.de\/grands-crus-classes-en-1855-sauternes\/embed\/#?secret=e0iiR5OVMo#?secret=JNplyYio1N\" data-secret=\"JNplyYio1N\" width=\"584\" height=\"329\" frameborder=\"0\" marginwidth=\"0\" marginheight=\"0\" scrolling=\"no\"><\/iframe>\n<\/div><\/figure>\n\n\n\n<p><strong><span style=\"color:#dd0a2d\" class=\"has-inline-color\">Grands Crus Class\u00e9 en 1855 nach Appelation<\/span><\/strong> (wir haben alle Weine degustiert)<\/p>\n\n\n\n<p><a rel=\"noreferrer noopener\" href=\"https:\/\/gcc-1855.fr\/die-klassifizierung-der-grands-crus-1855\/die-klassifizierung-der-grands-crus-1855-appellation\/\" target=\"_blank\">https:\/\/gcc-1855.fr\/die-klassifizierung-der-grands-crus-1855\/die-klassifizierung-der-grands-crus-1855-appellation\/<\/a><\/p>\n\n\n\n<figure class=\"wp-block-image size-large\"><a href=\"https:\/\/www.meinweinkeller.ch\/weinclub\/wp-content\/uploads\/2025\/09\/ListingGCC1855-de-Kopie.jpg\"><img loading=\"lazy\" decoding=\"async\" width=\"595\" height=\"841\" src=\"https:\/\/www.meinweinkeller.ch\/weinclub\/wp-content\/uploads\/2025\/09\/ListingGCC1855-de-Kopie.jpg\" alt=\"\" class=\"wp-image-8136\" srcset=\"https:\/\/www.meinweinkeller.ch\/weinclub\/wp-content\/uploads\/2025\/09\/ListingGCC1855-de-Kopie.jpg 595w, https:\/\/www.meinweinkeller.ch\/weinclub\/wp-content\/uploads\/2025\/09\/ListingGCC1855-de-Kopie-212x300.jpg 212w\" sizes=\"auto, (max-width: 595px) 100vw, 595px\" \/><\/a><\/figure>\n\n\n\n<p><strong><span style=\"color:#d81525\" class=\"has-inline-color\">Serie Bordeaux: Pessac Leognan &#8211; Graves (degustiert Herbst 2025):<\/span><\/strong><\/p>\n\n\n\n<p><a rel=\"noreferrer noopener\" href=\"https:\/\/www.pessac-leognan.com\/les-crus-classes-de-graves\/\" target=\"_blank\">Die \u201acrus class\u00e9 de Graves\u2018<\/a><\/p>\n\n\n\n<p><strong>Zus\u00e4tzlich sind die Weine der Top 200 Bordeaux Weing\u00fcter gem\u00e4ss Gabriel und Weinwisser erlaubt<\/strong> &#8211; siehe nach der Liste Cru Class\u00e9 de Graves.<\/p>\n\n\n\n<p><strong>CRUS CLASS\u00c9S DE GRAVES<\/strong><\/p>\n\n\n\n<p>Ch\u00e2teau Bouscaut, Cadaujac, rouge et blanc<\/p>\n\n\n\n<p>Ch\u00e2teau Carbonnieux, L\u00e9ognan, rouge et blanc <strong>&#8211; degustiert 2.10.25<\/strong> blanc et rouge<\/p>\n\n\n\n<p>Domaine de Chevalier, L\u00e9ognan, rouge et blanc<strong>&#8211; degustiert 2.10.25<\/strong> blanc<\/p>\n\n\n\n<p>Ch\u00e2teau Couhins, Villenave-d\u2019Ornon, blanc<\/p>\n\n\n\n<p>Ch\u00e2teau Couhins-Lurton, Villenave-d\u2019Ornon, blanc<\/p>\n\n\n\n<p>Ch\u00e2teau de Fieuzal, L\u00e9ognan, rouge &#8211; <strong>degustiert 13.11.25<\/strong> rouge et blanc<\/p>\n\n\n\n<p>Ch\u00e2teau Haut-Bailly, L\u00e9ognan, rouge<strong>&#8211; degustiert 2.10.25<\/strong> rouge<\/p>\n\n\n\n<p>Ch\u00e2teau Haut-Brion, Pessac (\u00e9galement Premier Cru class\u00e9 en 1855), rouge&nbsp;<strong>&#8211; degustiert 2.10.25<\/strong> rouge<\/p>\n\n\n\n<p>Ch\u00e2teau Latour-Martillac, Martillac, rouge et blanc<strong>&#8211; degustiert 2.10.25<\/strong> blanc<\/p>\n\n\n\n<p>Ch\u00e2teau Laville-Haut-Brion, Talence, blanc- <strong>degustiert 13.11.25<\/strong> blanc<\/p>\n\n\n\n<p>Ch\u00e2teau Malartic-Lagravi\u00e8re, L\u00e9ognan, rouge et blanc<strong>&#8211; degustiert 2.10.25<\/strong> blanc &#8211; <strong>degustiert 13.11.25<\/strong> rouge<\/p>\n\n\n\n<p>Ch\u00e2teau La Mission-Haut-Brion, Talence, rouge &#8211; <strong>degustiert 13.11.25<\/strong> rouge<\/p>\n\n\n\n<p>Ch\u00e2teau Olivier, L\u00e9ognan, rouge et blanc<\/p>\n\n\n\n<p>Ch\u00e2teau Pape-Cl\u00e9ment, Pessac, rouge <strong>&#8211; degustiert 2.10.25<\/strong> rouge<\/p>\n\n\n\n<p>Ch\u00e2teau Smith-Haut-Lafite, Martillac, rouge<strong>&#8211; degustiert 2.10.25<\/strong> blanc et rouge &#8211; <strong>degustiert 13.11.25<\/strong> blanc<\/p>\n\n\n\n<p>Ch\u00e2teau La Tour-Haut-Brion, Talence, rouge<\/p>\n\n\n\n<p><strong>Pessac Leognan gem\u00e4ss Top 200 Bordeaux der Listen Gabriel und Weinwisser:<\/strong><\/p>\n\n\n\n<figure class=\"wp-block-table\"><table><tbody><tr><td>Ch\u00e2teau Haut-Brion<\/td><td>Premier Grand Cru Class\u00e9 (1855), Cru Class\u00e9 de Graves<\/td><\/tr><tr><td>Pape-Cl\u00e9ment<\/td><td>Cru Class\u00e9 de Graves<\/td><\/tr><tr><td>Smith-Haut-Lafitte<\/td><td>Cru Class\u00e9 de Graves<\/td><\/tr><tr><td>Domaine de Chevalier<\/td><td>Cru Class\u00e9 de Graves<\/td><\/tr><tr><td>Haut-Bailly<\/td><td>Cru Class\u00e9 de Graves<\/td><\/tr><tr><td>Les Carmes-Haut-Brion<\/td><td>Nicht klassifiziert<\/td><\/tr><tr><td>Pontac Monplaisir<\/td><td>Nicht klassifiziert<\/td><\/tr><tr><td>Branon<\/td><td>Nicht klassifiziert<\/td><\/tr><tr><td>Seguin<\/td><td>Nicht klassifiziert<\/td><\/tr><tr><td>Malartic-Lagravi\u00e8re<\/td><td>Cru Class\u00e9 de Graves<\/td><\/tr><tr><td>Latour-Martillac<\/td><td>Cru Class\u00e9 de Graves<\/td><\/tr><tr><td>de Fieuzal<\/td><td>Cru Class\u00e9 de Graves<\/td><\/tr><tr><td>Haut-Bergey<\/td><td>Nicht klassifiziert<strong>&#8211; degustiert 2.10.25<\/strong> rouge<\/td><\/tr><\/tbody><\/table><\/figure>\n","protected":false},"excerpt":{"rendered":"<p>Nach der Serie Cru Class\u00e9 en 1855 im Medoc und Appelationen Pessac Leognan werden wir die Appelationen St. Emillion, Pomerol, Rest of Bordeaux in Top 200 und Sauterne &#8211; Barsac durchleuchten. Die Klassifizierungen im St. Emillion sind qualitativ nicht eindeutig &hellip; <a href=\"https:\/\/www.meinweinkeller.ch\/weinclub\/serie-bordeaux\/\">Weiterlesen <span class=\"meta-nav\">&rarr;<\/span><\/a><\/p>\n","protected":false},"author":1,"featured_media":7737,"parent":0,"menu_order":0,"comment_status":"closed","ping_status":"closed","template":"","meta":{"footnotes":""},"class_list":["post-8122","page","type-page","status-publish","has-post-thumbnail","hentry"],"_links":{"self":[{"href":"https:\/\/www.meinweinkeller.ch\/weinclub\/wp-json\/wp\/v2\/pages\/8122","targetHints":{"allow":["GET"]}}],"collection":[{"href":"https:\/\/www.meinweinkeller.ch\/weinclub\/wp-json\/wp\/v2\/pages"}],"about":[{"href":"https:\/\/www.meinweinkeller.ch\/weinclub\/wp-json\/wp\/v2\/types\/page"}],"author":[{"embeddable":true,"href":"https:\/\/www.meinweinkeller.ch\/weinclub\/wp-json\/wp\/v2\/users\/1"}],"replies":[{"embeddable":true,"href":"https:\/\/www.meinweinkeller.ch\/weinclub\/wp-json\/wp\/v2\/comments?post=8122"}],"version-history":[{"count":14,"href":"https:\/\/www.meinweinkeller.ch\/weinclub\/wp-json\/wp\/v2\/pages\/8122\/revisions"}],"predecessor-version":[{"id":8912,"href":"https:\/\/www.meinweinkeller.ch\/weinclub\/wp-json\/wp\/v2\/pages\/8122\/revisions\/8912"}],"wp:featuredmedia":[{"embeddable":true,"href":"https:\/\/www.meinweinkeller.ch\/weinclub\/wp-json\/wp\/v2\/media\/7737"}],"wp:attachment":[{"href":"https:\/\/www.meinweinkeller.ch\/weinclub\/wp-json\/wp\/v2\/media?parent=8122"}],"curies":[{"name":"wp","href":"https:\/\/api.w.org\/{rel}","templated":true}]}}