{"id":2,"date":"2013-04-23T22:48:15","date_gmt":"2013-04-23T22:48:15","guid":{"rendered":"http:\/\/www.meinweinkeller.ch\/weinclub\/?page_id=2"},"modified":"2025-12-09T20:30:13","modified_gmt":"2025-12-09T20:30:13","slug":"about","status":"publish","type":"page","link":"https:\/\/www.meinweinkeller.ch\/weinclub\/about\/","title":{"rendered":"Teilnehmen und Kosten"},"content":{"rendered":"\n<p><strong>jeden Donnerstag ab 19 Uhr Feldstr. 16, Winterthur<\/strong><\/p>\n\n\n\n<h2 class=\"wp-block-heading\"><strong>Degustationsabend im Bistro VINOTTI &#8211; jeden Donnerstagabend und f\u00fcr alle offen<\/strong><\/h2>\n\n\n\n<figure class=\"wp-block-image size-large\"><a href=\"https:\/\/www.meinweinkeller.ch\/weinclub\/wp-content\/uploads\/2022\/03\/bistro-3.jpg\"><img loading=\"lazy\" decoding=\"async\" width=\"1024\" height=\"738\" src=\"https:\/\/www.meinweinkeller.ch\/weinclub\/wp-content\/uploads\/2022\/03\/bistro-3-1024x738.jpg\" alt=\"\" class=\"wp-image-5873\" srcset=\"https:\/\/www.meinweinkeller.ch\/weinclub\/wp-content\/uploads\/2022\/03\/bistro-3-1024x738.jpg 1024w, https:\/\/www.meinweinkeller.ch\/weinclub\/wp-content\/uploads\/2022\/03\/bistro-3-300x216.jpg 300w, https:\/\/www.meinweinkeller.ch\/weinclub\/wp-content\/uploads\/2022\/03\/bistro-3-768x553.jpg 768w, https:\/\/www.meinweinkeller.ch\/weinclub\/wp-content\/uploads\/2022\/03\/bistro-3-416x300.jpg 416w, https:\/\/www.meinweinkeller.ch\/weinclub\/wp-content\/uploads\/2022\/03\/bistro-3.jpg 1499w\" sizes=\"auto, (max-width: 1024px) 100vw, 1024px\" \/><\/a><\/figure>\n\n\n\n<div class=\"wp-block-columns is-layout-flex wp-container-core-columns-is-layout-9d6595d7 wp-block-columns-is-layout-flex\">\n<div class=\"wp-block-column is-layout-flow wp-block-column-is-layout-flow\" style=\"flex-basis:100%\">\n<h2 class=\"wp-block-heading\">Kosten:<\/h2>\n\n\n\n<p><strong>Erster Abend:<\/strong> 50.- Fr. bei Standardprogramm, 75.- Fr. bei Premiumprogramm<\/p>\n\n\n\n<p>Abend buchen mit Vornamen, Nachname und email<\/p>\n\n\n\n<a href=\"https:\/\/www.picktime.com\/f4a1d1e2-e78e-4954-a8fc-d71e935d91c1\" class=\"ptbkbtn\" target=\"_blank\" style=\"float:none;\" rel=\"noopener\"><img decoding=\"async\" src=\"https:\/\/www.picktime.com\/img\/widgetButtons\/BookingPage\/picktime-book-online-gray.png\" alt=\"Book an appointment with MeinWeinkeller\" border=\"none\"\/><\/a>\n\n\n\n<p><strong>Mitglieder (mehr als eine Teilnahme pro Jahr):<\/strong><\/p>\n\n\n\n<p>40.- Fr. plus ein Themenwein<\/p>\n\n\n\n<p><strong>Magnummitgliedschaft:<\/strong><\/p>\n\n\n\n<p>Jahresbeitrag 300.- Fr. und Magnumticket pro 5 Abende 150.- Fr.<\/p>\n\n\n\n<p>F\u00fcr Magnummitglieder wird ende Jahr eine Mitgliederkasse mit \u00dcbersch\u00fcssen f\u00fcr Spezielles und besondere Anl\u00e4sse gef\u00fcttert.<\/p>\n\n\n\n<p><strong>Besonderers:<\/strong><\/p>\n\n\n\n<p>F\u00fcr besondere Leckereien, die Ihr aus den Ferien mitbringt steht ein Weinfach mit Rarit\u00e4ten als &#8218;goodie&#8216; bereit. Ebenso f\u00fcr Mitglieder, die einen Themenabend organisieren m\u00f6chten.<\/p>\n<\/div>\n<\/div>\n\n\n\n<pre class=\"wp-block-code\"><code><br \/><br \/><\/code><\/pre>\n","protected":false},"excerpt":{"rendered":"<p>jeden Donnerstag ab 19 Uhr Feldstr. 16, Winterthur Degustationsabend im Bistro VINOTTI &#8211; jeden Donnerstagabend und f\u00fcr alle offen Kosten: Erster Abend: 50.- Fr. bei Standardprogramm, 75.- Fr. bei Premiumprogramm Abend buchen mit Vornamen, Nachname und email Mitglieder (mehr als &hellip; <a href=\"https:\/\/www.meinweinkeller.ch\/weinclub\/about\/\">Weiterlesen <span class=\"meta-nav\">&rarr;<\/span><\/a><\/p>\n","protected":false},"author":1,"featured_media":5867,"parent":0,"menu_order":2,"comment_status":"open","ping_status":"open","template":"","meta":{"footnotes":""},"class_list":["post-2","page","type-page","status-publish","has-post-thumbnail","hentry"],"_links":{"self":[{"href":"https:\/\/www.meinweinkeller.ch\/weinclub\/wp-json\/wp\/v2\/pages\/2","targetHints":{"allow":["GET"]}}],"collection":[{"href":"https:\/\/www.meinweinkeller.ch\/weinclub\/wp-json\/wp\/v2\/pages"}],"about":[{"href":"https:\/\/www.meinweinkeller.ch\/weinclub\/wp-json\/wp\/v2\/types\/page"}],"author":[{"embeddable":true,"href":"https:\/\/www.meinweinkeller.ch\/weinclub\/wp-json\/wp\/v2\/users\/1"}],"replies":[{"embeddable":true,"href":"https:\/\/www.meinweinkeller.ch\/weinclub\/wp-json\/wp\/v2\/comments?post=2"}],"version-history":[{"count":17,"href":"https:\/\/www.meinweinkeller.ch\/weinclub\/wp-json\/wp\/v2\/pages\/2\/revisions"}],"predecessor-version":[{"id":8297,"href":"https:\/\/www.meinweinkeller.ch\/weinclub\/wp-json\/wp\/v2\/pages\/2\/revisions\/8297"}],"wp:featuredmedia":[{"embeddable":true,"href":"https:\/\/www.meinweinkeller.ch\/weinclub\/wp-json\/wp\/v2\/media\/5867"}],"wp:attachment":[{"href":"https:\/\/www.meinweinkeller.ch\/weinclub\/wp-json\/wp\/v2\/media?parent=2"}],"curies":[{"name":"wp","href":"https:\/\/api.w.org\/{rel}","templated":true}]}}