{"id":1370,"date":"2012-07-02T20:31:52","date_gmt":"2012-07-02T18:31:52","guid":{"rendered":"http:\/\/meinweinkeller.blogg.de\/impressum\/"},"modified":"2022-03-25T14:57:42","modified_gmt":"2022-03-25T14:57:42","slug":"impressum","status":"publish","type":"page","link":"https:\/\/www.meinweinkeller.ch\/weinclub\/impressum\/","title":{"rendered":"Impressum"},"content":{"rendered":"<h3>Weinleidenschaft pur<\/h3>\n<div><span style=\"font-family: Helvetica;\"> <img loading=\"lazy\" decoding=\"async\" src=\"http:\/\/www.meinweinkeller.ch\/B1234823765\/C339088946\/E2133081305\/Media\/IMGP0805.jpg\" alt=\"\" width=\"167\" height=\"125\" \/> <img loading=\"lazy\" decoding=\"async\" src=\"http:\/\/www.meinweinkeller.ch\/B1234823765\/C339088946\/E2133081305\/Media\/DSC07961.jpg\" alt=\"\" width=\"167\" height=\"125\" \/> <img loading=\"lazy\" decoding=\"async\" src=\"http:\/\/www.meinweinkeller.ch\/B1234823765\/C339088946\/E2133081305\/Media\/DSC08003.jpg\" alt=\"\" width=\"167\" height=\"125\" \/><\/span><span style=\"font-family: Helvetica;\">Otti Hintermeister (links) und Marc Sch\u00f6ni (rechts) <\/span><\/p>\n<\/div>\n<p><span style=\"font-family: Verdana;\">Ja, wir geben es zu: wir sind vom Weinvirus befallen! Wir lieben guten<\/span><br \/>\n<span style=\"font-family: Verdana;\">Wein, und wir lieben es, \u00fcber dieses unersch\u00f6pfliche Thema in<\/span><br \/>\n<span style=\"font-family: Verdana;\">ungezwungener Atmosph\u00e4re zu plaudern. Das sch\u00e4tzen wir einmal im Monat<\/span><br \/>\n<span style=\"font-family: Verdana;\">in unserem Bordeaux-Klub, und das sch\u00e4tzen wir<\/span><br \/>\n<span style=\"font-family: Verdana;\">fast t\u00e4glich mit unseren Freunden und Bekannten.<\/span><br \/>\n<span style=\"font-family: Verdana;\">Und als uns die Chance geboten wurde, jene R\u00e4umlichkeiten am Obertor 33<\/span><br \/>\n<span style=\"font-family: Verdana;\">zu mieten, wo seit mehr als hundert Jahren mit Wein gehandelt wurde, wo die<\/span><br \/>\n<span style=\"font-family: Verdana;\">W\u00e4nde Weingeschichten erz\u00e4hlen, da war f\u00fcr uns sofort klar: hier<\/span><br \/>\n<span style=\"font-family: Verdana;\">errichten wir einen Weinklub! Kein elit\u00e4rer Schl\u00fcrf- und<\/span><br \/>\n<span style=\"font-family: Verdana;\">Weinseziertempel soll es sein, sondern ein Ort, wo Weintrinken Freude<\/span><br \/>\n<span style=\"font-family: Verdana;\">bereitet und \u00fcber das Thema Wein diskutieren Spass macht! <\/span><\/p>\n<p><span style=\"font-family: Verdana;\">Doch wer sind wir? Auf Bauingenieur Otto Hintermeister k\u00f6nnen Sie bauen,<\/span><br \/>\n<span style=\"font-family: Verdana;\">wenn es um Rarit\u00e4ten geht. Seine Vorr\u00e4te an edlen Tropfen w\u00fcrden f\u00fcr<\/span><br \/>\n<span style=\"font-family: Verdana;\">Jahrhunderte reichen, h\u00e4tte er sich nicht gl\u00fccklicherweise dazu<\/span><br \/>\n<span style=\"font-family: Verdana;\">entschlossen, die durstleidende Weinbev\u00f6lkerung am Dezimieren seines<\/span><br \/>\n<span style=\"font-family: Verdana;\">Weinbestands zu beteiligen! Vor allem Bordeaux-Liebhaber, aber auch<\/span><br \/>\n<span style=\"font-family: Verdana;\">Italien-Fans d\u00fcrfen sich auf etwas gefasst machen!<\/span><br \/>\n<span style=\"font-family: Verdana;\">Seit Marc Sch\u00f6ni, Lehrer f\u00fcr Sologesang und Stimmbildung, mit der<\/span><br \/>\n<span style=\"font-family: Verdana;\">kleinen Internetseite Vinozeros seinen Traum vom eigenen<\/span><br \/>\n<span style=\"font-family: Verdana;\">Weinhandelsbetrieb verwirklicht hat, trifft man ihn nicht mehr so oft im<\/span><br \/>\n<span style=\"font-family: Verdana;\">hauseigenen Rebberg. B\u00f6se Zungen behaupten, das sei gut so, denn so<\/span><br \/>\n<span style=\"font-family: Verdana;\">d\u00fcrfe man auf KEINEN Jahrgang hoffen. Legend\u00e4r ist sein 2001er Regent<\/span><br \/>\n<span style=\"font-family: Verdana;\">mit einer un\u00fcbertrefflichen Aromenvielfalt an Stallger\u00fcchen!<\/span><\/p>\n<p><span style=\"font-family: Verdana;\">Otto Hintermeisters Motto: das Leben ist zu kurz, schlechten (billigen) Wein zu trinken<\/span><br \/>\n<span style=\"font-family: Verdana;\">Sonstige Hobbies: Reisen, Volleyball, Kajak<\/span><br \/>\n<span style=\"font-family: Verdana;\">Welchen Wein n\u00e4hme er mit auf die einsame Insel? : Masseto 1996 und als letzter Tropfen ein Occhio di Pernice, Avignonesi, Vin Santo 1989 (das ist kein Wein von dieser Welt, einmal im Leben ein Muss!)<\/span><br \/>\n<span style=\"font-family: Verdana;\">E-mail: hintermeister-\u00e4t-meinweinkeller.ch<\/span><\/p>\n<p><span style=\"font-family: Verdana;\">Marc Sch\u00f6nis Motto: ich m\u00f6chte Ihnen reinen Wein einschenken!<\/span><br \/>\n<span style=\"font-family: Verdana;\">Sonstige Hobbies: Musik, Schach und Literatur<\/span><br \/>\n<span style=\"font-family: Verdana;\">Welchen Wein n\u00e4hme er mit auf die einsame Insel? Riesling Auslese***, Dalsheimer Hubacker, 2001, von Keller<\/span><br \/>\n<span style=\"font-family: Verdana;\">E-mail: schoeni-\u00e4t-meinweinkeller.ch<\/span><\/p>\n","protected":false},"excerpt":{"rendered":"<p>Weinleidenschaft pur Otti Hintermeister (links) und Marc Sch\u00f6ni (rechts) Ja, wir geben es zu: wir sind vom Weinvirus befallen! Wir lieben guten Wein, und wir lieben es, \u00fcber dieses unersch\u00f6pfliche Thema in ungezwungener Atmosph\u00e4re zu plaudern. Das sch\u00e4tzen wir einmal &hellip; <a href=\"https:\/\/www.meinweinkeller.ch\/weinclub\/impressum\/\">Weiterlesen <span class=\"meta-nav\">&rarr;<\/span><\/a><\/p>\n","protected":false},"author":1,"featured_media":0,"parent":0,"menu_order":4,"comment_status":"closed","ping_status":"open","template":"","meta":{"footnotes":""},"class_list":["post-1370","page","type-page","status-publish","hentry"],"_links":{"self":[{"href":"https:\/\/www.meinweinkeller.ch\/weinclub\/wp-json\/wp\/v2\/pages\/1370","targetHints":{"allow":["GET"]}}],"collection":[{"href":"https:\/\/www.meinweinkeller.ch\/weinclub\/wp-json\/wp\/v2\/pages"}],"about":[{"href":"https:\/\/www.meinweinkeller.ch\/weinclub\/wp-json\/wp\/v2\/types\/page"}],"author":[{"embeddable":true,"href":"https:\/\/www.meinweinkeller.ch\/weinclub\/wp-json\/wp\/v2\/users\/1"}],"replies":[{"embeddable":true,"href":"https:\/\/www.meinweinkeller.ch\/weinclub\/wp-json\/wp\/v2\/comments?post=1370"}],"version-history":[{"count":3,"href":"https:\/\/www.meinweinkeller.ch\/weinclub\/wp-json\/wp\/v2\/pages\/1370\/revisions"}],"predecessor-version":[{"id":5876,"href":"https:\/\/www.meinweinkeller.ch\/weinclub\/wp-json\/wp\/v2\/pages\/1370\/revisions\/5876"}],"wp:attachment":[{"href":"https:\/\/www.meinweinkeller.ch\/weinclub\/wp-json\/wp\/v2\/media?parent=1370"}],"curies":[{"name":"wp","href":"https:\/\/api.w.org\/{rel}","templated":true}]}}